{"id":5021,"date":"2025-08-07T16:44:03","date_gmt":"2025-08-07T13:44:03","guid":{"rendered":"https:\/\/gosquns.com\/?post_type=product&#038;p=5021"},"modified":"2026-04-22T20:54:52","modified_gmt":"2026-04-22T17:54:52","slug":"modern-kanvas-canta","status":"publish","type":"product","link":"https:\/\/gosquns.com\/tr\/product\/modern-kanvas-canta\/","title":{"rendered":"Modern Kanvas \u00c7anta"},"content":{"rendered":"<h4>\u00dcr\u00fcn Detaylar\u0131 :<\/h4>\n<ul>\n<li><strong>Kanvas Bez Kuma\u015f<\/strong>tan \u0130mal Edilmi\u015ftir<\/li>\n<li>\u0130\u00e7 Cep<strong> 16&#215;14 cm<\/strong><\/li>\n<li><strong>Kulp Uzunlu\u011fu :<\/strong> 70 cm<\/li>\n<li><strong>Ham Renk Kulp Kal\u0131nl\u0131\u011f\u0131 : <\/strong>3 cm<\/li>\n<li><strong>K\u00f6r\u00fck :<\/strong> 8 cm<\/li>\n<\/ul>\n","protected":false},"excerpt":{"rendered":"<p>Kanvas \u00d6rg\u00fc Kulp \u00c7anta<br \/>\n100% Pamuk<br \/>\nHam Renk \u00d6rg\u00fc Kulp<br \/>\nZarf Diki\u015f<br \/>\n\u0130\u00e7 \u00c7epli\/ Kanvas Kuma\u015f<br \/>\nBoyutlar\u0131: 45x35x8cm<\/p>\n","protected":false},"featured_media":5022,"comment_status":"open","ping_status":"closed","template":"","meta":[],"product_brand":[],"product_cat":[97],"product_tag":[],"class_list":{"0":"post-5021","1":"product","2":"type-product","3":"status-publish","4":"has-post-thumbnail","6":"product_cat-accessories","8":"first","9":"outofstock","10":"taxable","11":"shipping-taxable","12":"purchasable","13":"product-type-simple","14":"prodpage-style3"},"_links":{"self":[{"href":"https:\/\/gosquns.com\/tr\/wp-json\/wp\/v2\/product\/5021","targetHints":{"allow":["GET"]}}],"collection":[{"href":"https:\/\/gosquns.com\/tr\/wp-json\/wp\/v2\/product"}],"about":[{"href":"https:\/\/gosquns.com\/tr\/wp-json\/wp\/v2\/types\/product"}],"replies":[{"embeddable":true,"href":"https:\/\/gosquns.com\/tr\/wp-json\/wp\/v2\/comments?post=5021"}],"wp:featuredmedia":[{"embeddable":true,"href":"https:\/\/gosquns.com\/tr\/wp-json\/wp\/v2\/media\/5022"}],"wp:attachment":[{"href":"https:\/\/gosquns.com\/tr\/wp-json\/wp\/v2\/media?parent=5021"}],"wp:term":[{"taxonomy":"product_brand","embeddable":true,"href":"https:\/\/gosquns.com\/tr\/wp-json\/wp\/v2\/product_brand?post=5021"},{"taxonomy":"product_cat","embeddable":true,"href":"https:\/\/gosquns.com\/tr\/wp-json\/wp\/v2\/product_cat?post=5021"},{"taxonomy":"product_tag","embeddable":true,"href":"https:\/\/gosquns.com\/tr\/wp-json\/wp\/v2\/product_tag?post=5021"}],"curies":[{"name":"wp","href":"https:\/\/api.w.org\/{rel}","templated":true}]}}