{"id":3577,"date":"2025-01-05T22:56:33","date_gmt":"2025-01-05T19:56:33","guid":{"rendered":"https:\/\/gosquns.com\/?post_type=product&#038;p=3577"},"modified":"2026-04-22T21:06:54","modified_gmt":"2026-04-22T18:06:54","slug":"erkek-regular-fit-bisiklet-yaka-t-shirt","status":"publish","type":"product","link":"https:\/\/gosquns.com\/tr\/product\/erkek-regular-fit-bisiklet-yaka-t-shirt\/","title":{"rendered":"Erkek White T-shirt"},"content":{"rendered":"<ul>\n<li class=\"attr_PrdUrunDetayi1\" style=\"text-align: left;\">Kal\u0131p \u00a0Regular Fit \/ Normal Kesim<\/li>\n<li class=\"attr_PrdDesen\" style=\"text-align: left;\">Desen : D\u00fcz<\/li>\n<li class=\"attr_PrdKolBoyu\" style=\"text-align: left;\">Kol Boyu : K\u0131sa Kol<\/li>\n<li class=\"attr_PrdYaka\" style=\"text-align: left;\">Yaka : Bisiklet Yaka<\/li>\n<li class=\"attr_ItemWeight\" style=\"text-align: left;\">30\/1 S\u00fcprem<\/li>\n<li>Ribana Yaka.<\/li>\n<li style=\"text-align: left;\">Erkek model: Boy : 1,80 Kilo: 77<\/li>\n<li>Beden M.<\/li>\n<\/ul>\n<div><\/div>\n<div>30 Derecede Benzer Renklerle Birlikte Y\u0131kanmas\u0131 Tavsiye Edilir.<\/div>\n<div>Uzun \u00d6m\u00fcrl\u00fc Kullan\u0131m Sa\u011flar.<\/div>\n<div>Terleme, renk, y\u0131kama testlerinden ba\u015far\u0131yla ge\u00e7mi\u015ftir.<\/div>\n<div>Cildinizi rahats\u0131z etmemesi i\u00e7in dijital bask\u0131 etiket kullan\u0131lm\u0131\u015ft\u0131r.<\/div>\n<div>Dokusu yumu\u015fak ve rahatt\u0131r.<\/div>\n<div>Marka logosu nak\u0131\u015f i\u015fleme sol koldad\u0131r.<\/div>\n<div>\u00c7evre dostu ve s\u00fcrd\u00fcr\u00fclebilir kargolama.<\/div>\n<div><\/div>\n<div>\u00a0\u00d6l\u00e7\u00fcler:<\/div>\n<div>\u00a0 \u00a0 \u00a0 \u00a0Boy G\u00f6\u011f\u00fcs Kol<\/div>\n<div>\n<div>M\u00a0 \u00a070\u00a0 \u00a0 50\u00a0 \u00a0 \u00a021<\/div>\n<div>L\u00a0 \u00a0 72\u00a0 \u00a0 53\u00a0 \u00a0 \u00a0 22<\/div>\n<div>Xl\u00a0 \u00a074\u00a0 \u00a056\u00a0 \u00a0 \u00a0 23<\/div>\n<\/div>\n<div style=\"text-align: right;\"><\/div>\n<div><\/div>\n","protected":false},"excerpt":{"rendered":"<p>&nbsp;<\/p>\n<ul>\n<li>Kuma\u015f: 100% Compact Penye Pamuk<\/li>\n<li>1. S\u0131n\u0131f Kaliteli Penyedir.<\/li>\n<li>Renk: Beyaz<\/li>\n<li>Kategori: Ti\u015f\u00f6rt<\/li>\n<li>\u00dcretim \u00dclkesi: T\u00fcrkiye<\/li>\n<\/ul>\n<div><\/div>\n<p>&nbsp;<\/p>\n<p>&nbsp;<\/p>\n<p>&nbsp;<\/p>\n<p>&nbsp;<\/p>\n","protected":false},"featured_media":5117,"comment_status":"open","ping_status":"closed","template":"","meta":[],"product_brand":[],"product_cat":[22,513],"product_tag":[],"class_list":{"0":"post-3577","1":"product","2":"type-product","3":"status-publish","4":"has-post-thumbnail","6":"product_cat-erkek","7":"product_cat-t-shirts","9":"first","10":"instock","11":"taxable","12":"shipping-taxable","13":"purchasable","14":"product-type-variable","15":"has-default-attributes","16":"prodpage-style3"},"_links":{"self":[{"href":"https:\/\/gosquns.com\/tr\/wp-json\/wp\/v2\/product\/3577","targetHints":{"allow":["GET"]}}],"collection":[{"href":"https:\/\/gosquns.com\/tr\/wp-json\/wp\/v2\/product"}],"about":[{"href":"https:\/\/gosquns.com\/tr\/wp-json\/wp\/v2\/types\/product"}],"replies":[{"embeddable":true,"href":"https:\/\/gosquns.com\/tr\/wp-json\/wp\/v2\/comments?post=3577"}],"wp:featuredmedia":[{"embeddable":true,"href":"https:\/\/gosquns.com\/tr\/wp-json\/wp\/v2\/media\/5117"}],"wp:attachment":[{"href":"https:\/\/gosquns.com\/tr\/wp-json\/wp\/v2\/media?parent=3577"}],"wp:term":[{"taxonomy":"product_brand","embeddable":true,"href":"https:\/\/gosquns.com\/tr\/wp-json\/wp\/v2\/product_brand?post=3577"},{"taxonomy":"product_cat","embeddable":true,"href":"https:\/\/gosquns.com\/tr\/wp-json\/wp\/v2\/product_cat?post=3577"},{"taxonomy":"product_tag","embeddable":true,"href":"https:\/\/gosquns.com\/tr\/wp-json\/wp\/v2\/product_tag?post=3577"}],"curies":[{"name":"wp","href":"https:\/\/api.w.org\/{rel}","templated":true}]}}