{"id":3528,"date":"2025-01-05T15:20:12","date_gmt":"2025-01-05T12:20:12","guid":{"rendered":"https:\/\/gosquns.com\/?post_type=product&#038;p=3528"},"modified":"2026-03-24T17:31:26","modified_gmt":"2026-03-24T14:31:26","slug":"pamuklu-bisiklet-yaka-beyaz-kadin-basic-t-shirt","status":"publish","type":"product","link":"https:\/\/gosquns.com\/tr\/product\/pamuklu-bisiklet-yaka-beyaz-kadin-basic-t-shirt\/","title":{"rendered":"Kad\u0131n Regular White T-shirt"},"content":{"rendered":"<ul>\n<li>Kal\u0131p \u00a0Regular Fit \/ Normal Kesim<\/li>\n<li class=\"attr_PrdDesen\">Desen : D\u00fcz<\/li>\n<li class=\"attr_PrdKolBoyu\">Kol Boyu : K\u0131sa Kol<\/li>\n<li class=\"attr_PrdYaka\">Yaka : Bisiklet Yakamatc<\/li>\n<li>16\/1 penye compact penye kuma\u015f.<\/li>\n<li>Kad\u0131n\u00a0 model: Boy : 1,71<\/li>\n<li>Beden M<\/li>\n<\/ul>\n<div>\n<div class=\" align-left\">\n<div><\/div>\n<div>%100 Pamuktan 1. S\u0131n\u0131f Kaliteli Penyedir.<\/div>\n<div>30 Derecede Benzer Renklerle Birlikte Y\u0131kanmas\u0131 Tavsiye Edilir.<\/div>\n<div>Uzun \u00d6m\u00fcrl\u00fc Kullan\u0131m Sa\u011flar.<\/div>\n<div>Terleme, renk, y\u0131kama testlerinden ba\u015far\u0131yla ge\u00e7mi\u015ftir.<\/div>\n<div>Cildinizi rahats\u0131z etmemesi i\u00e7in dijital bask\u0131 etiket kullan\u0131lm\u0131\u015ft\u0131r.<\/div>\n<div>Ribana yaka.<\/div>\n<div>Kuma\u015f dokusu yumu\u015fak ve rahatt\u0131r.<\/div>\n<div>Gosquns\u2019 logo nak\u0131\u015f i\u015fleme sol koldad\u0131r.<\/div>\n<div>\u00c7evre dostu ve s\u00fcrd\u00fcr\u00fclebilir kargolama.<\/div>\n<\/div>\n<\/div>\n<div><\/div>\n<div><\/div>\n<div><\/div>\n<div>\u00a0 \u00a0 \u00a0 \u00a0 \u00a0 \u00a0 \u00a0 \u00a0 \u00a0<u>\u00d6l\u00e7\u00fcler\u00a0<\/u><\/div>\n<div><u>\u00a0 \u00a0 \u00a0 \u00a0 \u00a0 \u00a0 Boy G\u00f6\u011f\u00fcs Kol.\u00a0 \u00a0 \u00a0<\/u><\/div>\n<div>\n<div class=\" align-left\">\u00a0 \u00a0 \u00a0 \u00a0 \u00a0 S\u00a0 \u00a0 \u00a061\u00a0 \u00a0 42\u00a0 \u00a0 \u00a015<\/div>\n<div class=\" align-left\">\u00a0 \u00a0 \u00a0 \u00a0 \u00a0 M\u00a0 \u00a0 63\u00a0 \u00a0 44\u00a0 \u00a0 \u00a017<\/div>\n<div class=\" align-left\">\u00a0 \u00a0 \u00a0 \u00a0 \u00a0 L\u00a0 \u00a0 \u00a065\u00a0 \u00a0 46\u00a0 \u00a0 \u00a019<\/div>\n<\/div>\n<div>\n<div>\n<div class=\" align-left\"><\/div>\n<div class=\" align-left\"><\/div>\n<div>\n<div class=\" align-left\"><\/div>\n<\/div>\n<\/div>\n<\/div>\n","protected":false},"excerpt":{"rendered":"<div>\n<div class=\" align-left\">\n<div>\n<p>&nbsp;<\/p>\n<ul>\n<li>Kuma\u015f: 100% Compact Penye Pamuk<\/li>\n<li>Kal\u0131p \u00a0Regular Fit \/ Normal Kesim<\/li>\n<li>Renk: Beyaz<\/li>\n<li>Kategori: Ti\u015f\u00f6rt<\/li>\n<li>\u00dcretim \u00dclkesi: T\u00fcrkiye<\/li>\n<\/ul>\n<\/div>\n<div><\/div>\n<\/div>\n<\/div>\n","protected":false},"featured_media":5160,"comment_status":"open","ping_status":"closed","template":"","meta":[],"product_brand":[],"product_cat":[23],"product_tag":[],"class_list":{"0":"post-3528","1":"product","2":"type-product","3":"status-publish","4":"has-post-thumbnail","6":"product_cat-kadin","8":"first","9":"instock","10":"sale","11":"taxable","12":"shipping-taxable","13":"purchasable","14":"product-type-variable","15":"has-default-attributes","16":"prodpage-style3"},"_links":{"self":[{"href":"https:\/\/gosquns.com\/tr\/wp-json\/wp\/v2\/product\/3528","targetHints":{"allow":["GET"]}}],"collection":[{"href":"https:\/\/gosquns.com\/tr\/wp-json\/wp\/v2\/product"}],"about":[{"href":"https:\/\/gosquns.com\/tr\/wp-json\/wp\/v2\/types\/product"}],"replies":[{"embeddable":true,"href":"https:\/\/gosquns.com\/tr\/wp-json\/wp\/v2\/comments?post=3528"}],"wp:featuredmedia":[{"embeddable":true,"href":"https:\/\/gosquns.com\/tr\/wp-json\/wp\/v2\/media\/5160"}],"wp:attachment":[{"href":"https:\/\/gosquns.com\/tr\/wp-json\/wp\/v2\/media?parent=3528"}],"wp:term":[{"taxonomy":"product_brand","embeddable":true,"href":"https:\/\/gosquns.com\/tr\/wp-json\/wp\/v2\/product_brand?post=3528"},{"taxonomy":"product_cat","embeddable":true,"href":"https:\/\/gosquns.com\/tr\/wp-json\/wp\/v2\/product_cat?post=3528"},{"taxonomy":"product_tag","embeddable":true,"href":"https:\/\/gosquns.com\/tr\/wp-json\/wp\/v2\/product_tag?post=3528"}],"curies":[{"name":"wp","href":"https:\/\/api.w.org\/{rel}","templated":true}]}}