{"id":3518,"date":"2025-01-05T14:41:44","date_gmt":"2025-01-05T11:41:44","guid":{"rendered":"https:\/\/gosquns.com\/?post_type=product&#038;p=3518"},"modified":"2026-04-11T13:46:39","modified_gmt":"2026-04-11T10:46:39","slug":"pamuklu-v-yaka-kadin-basic-t-shirt","status":"publish","type":"product","link":"https:\/\/gosquns.com\/tr\/product\/pamuklu-v-yaka-kadin-basic-t-shirt\/","title":{"rendered":"Kad\u0131n Regular White  V Yaka T-shirt"},"content":{"rendered":"<ul class=\"product-labels\">\n<li class=\"attr_PrdUrunDetayi1\">Kal\u0131p : Rahat Kesim.<\/li>\n<li class=\"attr_PrdBoyOlcu\">Boy\/\u00d6l\u00e7\u00fc : Regular\u00a0 Fit<\/li>\n<li class=\"attr_PrdDesen\">Desen : D\u00fcz<\/li>\n<li class=\"attr_PrdKolBoyu\">Kol Boyu : K\u0131sa Kol<\/li>\n<li class=\"attr_PrdYaka\">Yaka : V Yaka<\/li>\n<li>16\/1 penye compact penye kuma\u015f.<\/li>\n<li>Kad\u0131n\u00a0 model: Boy : 1,71<\/li>\n<li>Beden M<\/li>\n<\/ul>\n<div>%100 Pamuktan 1. S\u0131n\u0131f Kaliteli Penyedir.<\/div>\n<div>30 Derecede Benzer Renklerle Birlikte Y\u0131kanmas\u0131 Tavsiye Edilir.<\/div>\n<div>Uzun \u00d6m\u00fcrl\u00fc Kullan\u0131m Sa\u011flar.<\/div>\n<div>Terleme, renk, y\u0131kama testlerinden ba\u015far\u0131yla ge\u00e7mi\u015ftir.<\/div>\n<div>Cildinizi rahats\u0131z etmemesi i\u00e7in dijital bask\u0131 etiket kullan\u0131lm\u0131\u015ft\u0131r.<\/div>\n<div>Ribana Yaka. Yuma\u015f Dokusu Yumu\u015fak Ve Rahatt\u0131r.<\/div>\n<div>gosquns\u2019 logo nak\u0131\u015f i\u015fleme sol koldad\u0131r.<\/div>\n<div>\u00c7evre Dostu Ve S\u00fcrd\u00fcr\u00fclebilir Kargolama.<\/div>\n<div><\/div>\n<div>\n<div class=\" align-left\"><u>\u00a0 \u00a0 \u00a0 \u00a0 \u00a0 \u00a0 \u00a0\u00d6l\u00e7\u00fcler:\u00a0 \u00a0 \u00a0 \u00a0 \u00a0 \u00a0\u00a0<\/u><\/div>\n<div class=\" align-left\">\u00a0 \u00a0 \u00a0 \u00a0<u>Boy G\u00f6\u011f\u00fcs Kol<\/u><\/div>\n<div>\n<div class=\" align-left\">S\u00a0 \u00a0 \u00a061\u00a0 \u00a0 42\u00a0 \u00a0 \u00a015<\/div>\n<div class=\" align-left\">M\u00a0 \u00a0 63\u00a0 \u00a0 44\u00a0 \u00a0 \u00a017<\/div>\n<div class=\" align-left\">L\u00a0 \u00a0 \u00a065\u00a0 \u00a0 46\u00a0 \u00a0 \u00a019<\/div>\n<\/div>\n<\/div>\n","protected":false},"excerpt":{"rendered":"<ul>\n<li>Kuma\u015f: 100% Compact Penye Pamuk<\/li>\n<li>Renk: Beyaz<\/li>\n<li>Kategori: Ti\u015f\u00f6rt<\/li>\n<li>\u00dcretim \u00dclkesi: T\u00fcrkiye<\/li>\n<\/ul>\n","protected":false},"featured_media":5181,"comment_status":"open","ping_status":"closed","template":"","meta":[],"product_brand":[],"product_cat":[23],"product_tag":[],"class_list":{"0":"post-3518","1":"product","2":"type-product","3":"status-publish","4":"has-post-thumbnail","6":"product_cat-kadin","8":"first","9":"instock","10":"sale","11":"taxable","12":"shipping-taxable","13":"purchasable","14":"product-type-variable","15":"prodpage-style3"},"_links":{"self":[{"href":"https:\/\/gosquns.com\/tr\/wp-json\/wp\/v2\/product\/3518","targetHints":{"allow":["GET"]}}],"collection":[{"href":"https:\/\/gosquns.com\/tr\/wp-json\/wp\/v2\/product"}],"about":[{"href":"https:\/\/gosquns.com\/tr\/wp-json\/wp\/v2\/types\/product"}],"replies":[{"embeddable":true,"href":"https:\/\/gosquns.com\/tr\/wp-json\/wp\/v2\/comments?post=3518"}],"wp:featuredmedia":[{"embeddable":true,"href":"https:\/\/gosquns.com\/tr\/wp-json\/wp\/v2\/media\/5181"}],"wp:attachment":[{"href":"https:\/\/gosquns.com\/tr\/wp-json\/wp\/v2\/media?parent=3518"}],"wp:term":[{"taxonomy":"product_brand","embeddable":true,"href":"https:\/\/gosquns.com\/tr\/wp-json\/wp\/v2\/product_brand?post=3518"},{"taxonomy":"product_cat","embeddable":true,"href":"https:\/\/gosquns.com\/tr\/wp-json\/wp\/v2\/product_cat?post=3518"},{"taxonomy":"product_tag","embeddable":true,"href":"https:\/\/gosquns.com\/tr\/wp-json\/wp\/v2\/product_tag?post=3518"}],"curies":[{"name":"wp","href":"https:\/\/api.w.org\/{rel}","templated":true}]}}