{"id":3366,"date":"2025-01-01T18:59:02","date_gmt":"2025-01-01T15:59:02","guid":{"rendered":"https:\/\/gosquns.com\/?post_type=product&#038;p=3366"},"modified":"2026-03-24T17:38:52","modified_gmt":"2026-03-24T14:38:52","slug":"regular-fit-black-basic","status":"publish","type":"product","link":"https:\/\/gosquns.com\/tr\/product\/regular-fit-black-basic\/","title":{"rendered":"Erkek Black V Yaka T-shirt"},"content":{"rendered":"<div>%100 Pamuktan 1. S\u0131n\u0131f kaliteli penyedir.<\/div>\n<div>30 derecede benzer renklerle birlikte y\u0131kanmas\u0131 tavsiye edilir.<\/div>\n<div>Uzun \u00f6m\u00fcrl\u00fc kullan\u0131m sa\u011flar.<\/div>\n<div>Terleme, renk, y\u0131kama testlerinden ba\u015far\u0131yla ge\u00e7mi\u015ftir.<\/div>\n<div>Cildinizi rahats\u0131z etmemesi i\u00e7in dijital bask\u0131 etiket kullan\u0131lm\u0131\u015ft\u0131r.<\/div>\n<div>Yumu\u015fak\u00a0 dokusu ve rahatt\u0131r.<\/div>\n<div>Gosquns\u2019 logo nak\u0131\u015f i\u015fleme sol koldad\u0131r.<\/div>\n<div>\u00c7evre dostu ve s\u00fcrd\u00fcr\u00fclebilir kargolama.<\/div>\n<p>&nbsp;<\/p>\n<ul>\n<li>Kuma\u015f: 100% Compact Penye Pamuk<\/li>\n<li>Kal\u0131p \u00a0Regular Fit \/ Normal Kesim<\/li>\n<li>Desen : D\u00fcz<\/li>\n<li>Kol Boyu : K\u0131sa kol<\/li>\n<li>\u00a0V yaka<\/li>\n<li>Ribana yaka<\/li>\n<li>\u00dcr\u00fcn A\u011f\u0131rl\u0131\u011f\u0131 : 184<\/li>\n<li>20\/1 S\u00fcprem<\/li>\n<li>Erkek model: Boy : 1,88<\/li>\n<li>Model: L Beden<\/li>\n<\/ul>\n<p>&nbsp;<\/p>\n<div>\u00a0 \u00a0 \u00a0 \u00a0 \u00a0 \u00a0 \u00a0\u00d6l\u00e7\u00fcler:<\/div>\n<div>\u00a0 \u00a0 \u00a0 \u00a0Boy G\u00f6\u011f\u00fcs Kol<\/div>\n<div><\/div>\n<div>\n<div>\n<div>M\u00a0 \u00a070\u00a0 \u00a0 50\u00a0 \u00a0 \u00a021<\/div>\n<div>L\u00a0 \u00a0 72\u00a0 \u00a0 53 \u00a0 \u00a0 22<\/div>\n<div>Xl\u00a0 \u00a074\u00a0 \u00a056\u00a0 \u00a0 \u00a023<\/div>\n<\/div>\n<\/div>\n","protected":false},"excerpt":{"rendered":"<ul>\n<li>Kuma\u015f: 100% Compact Penye Pamuk<\/li>\n<li>Kal\u0131p \u00a0Regular Fit \/ Normal Kesim<\/li>\n<li>Renk: Siyah<\/li>\n<li>Kategori: Ti\u015f\u00f6rt<\/li>\n<li>\u00dcretim \u00dclkesi: T\u00fcrkiye<\/li>\n<\/ul>\n","protected":false},"featured_media":2618,"comment_status":"open","ping_status":"closed","template":"","meta":[],"product_brand":[],"product_cat":[101],"product_tag":[],"class_list":{"0":"post-3366","1":"product","2":"type-product","3":"status-publish","4":"has-post-thumbnail","6":"product_cat-organik-surdurulebilir","8":"first","9":"instock","10":"sale","11":"taxable","12":"shipping-taxable","13":"purchasable","14":"product-type-variable","15":"prodpage-style3"},"_links":{"self":[{"href":"https:\/\/gosquns.com\/tr\/wp-json\/wp\/v2\/product\/3366","targetHints":{"allow":["GET"]}}],"collection":[{"href":"https:\/\/gosquns.com\/tr\/wp-json\/wp\/v2\/product"}],"about":[{"href":"https:\/\/gosquns.com\/tr\/wp-json\/wp\/v2\/types\/product"}],"replies":[{"embeddable":true,"href":"https:\/\/gosquns.com\/tr\/wp-json\/wp\/v2\/comments?post=3366"}],"wp:featuredmedia":[{"embeddable":true,"href":"https:\/\/gosquns.com\/tr\/wp-json\/wp\/v2\/media\/2618"}],"wp:attachment":[{"href":"https:\/\/gosquns.com\/tr\/wp-json\/wp\/v2\/media?parent=3366"}],"wp:term":[{"taxonomy":"product_brand","embeddable":true,"href":"https:\/\/gosquns.com\/tr\/wp-json\/wp\/v2\/product_brand?post=3366"},{"taxonomy":"product_cat","embeddable":true,"href":"https:\/\/gosquns.com\/tr\/wp-json\/wp\/v2\/product_cat?post=3366"},{"taxonomy":"product_tag","embeddable":true,"href":"https:\/\/gosquns.com\/tr\/wp-json\/wp\/v2\/product_tag?post=3366"}],"curies":[{"name":"wp","href":"https:\/\/api.w.org\/{rel}","templated":true}]}}