{"id":3011,"date":"2024-12-19T13:27:29","date_gmt":"2024-12-19T10:27:29","guid":{"rendered":"https:\/\/gosquns.com\/?post_type=product&#038;p=3011"},"modified":"2026-04-30T19:59:16","modified_gmt":"2026-04-30T16:59:16","slug":"el-isciligi-hakiki-deri-siyah-renk-capraz-canta","status":"publish","type":"product","link":"https:\/\/gosquns.com\/tr\/product\/el-isciligi-hakiki-deri-siyah-renk-capraz-canta\/","title":{"rendered":"El \u0130\u015f\u00e7ili\u011fi % 100 Hakiki Deri Siyah \u00c7apraz Tasar\u0131m \u00c7anta"},"content":{"rendered":"<section class=\"elementor-section elementor-top-section elementor-element elementor-element-6ab560fc elementor-section-boxed elementor-section-height-default elementor-section-height-default\" data-id=\"6ab560fc\" data-element_type=\"section\">\n<div class=\"elementor-container elementor-column-gap-default\">\n<div class=\"elementor-column elementor-col-100 elementor-top-column elementor-element elementor-element-3687c025 kitify-col-width-auto-no kitify-disable-relative-no\" data-id=\"3687c025\" data-element_type=\"column\">\n<div class=\"elementor-widget-wrap elementor-element-populated\">\n<div class=\"elementor-element elementor-element-257780f elementor-widget kitify elementor-kitify-wooproduct-datatabs\" data-id=\"257780f\" data-element_type=\"widget\" data-widget_type=\"kitify-wooproduct-datatabs.default\">\n<div class=\"elementor-widget-container\">\n<div class=\"kitify-product-tabs layout-type-default\">\n<div class=\"nova-woocommerce-tabs\">\n<div class=\"tabs-content\" data-tabs-content=\"single_product_tab\">\n<div id=\"panel_description\" class=\"tabs-panel is-active\" role=\"tabpanel\" aria-labelledby=\"panel_description-label\">\n<p>&#8211; Siyah tonuyla \u015f\u0131k ve zamans\u0131z bir g\u00f6r\u00fcn\u00fcm sa\u011flar.<br \/>\n&#8211; G\u00fcnl\u00fck kullan\u0131m i\u00e7in ideal ve rahat ta\u015f\u0131ma imkan\u0131 sunar.<br \/>\n&#8211; Gen\u00e7 ve yeti\u015fkin ya\u015f grubuna hitap eden modern ve dinamik bir stil olu\u015fturur.<br \/>\n&#8211; Sade d\u00fcz deseniyle kolayca kombinlenebilir ve her t\u00fcrl\u00fc k\u0131yafetle uyum sa\u011flar.<br \/>\n&#8211; Ger\u00e7ek deri kalitesiyle dayan\u0131kl\u0131l\u0131\u011f\u0131 art\u0131r\u0131rken estetik duru\u015funu korur.<br \/>\n-Dikey tipi sayesinde Telefon, kartl\u0131k ve di\u011fer ihtiya\u00e7 duydu\u011funuz e\u015fyalar\u0131n\u0131z\u0131 d\u00fczenli bir \u015fekilde ta\u015f\u0131man\u0131z\u0131 kolayla\u015ft\u0131r\u0131r.<br \/>\n&#8211; Unisex koleksiyon par\u00e7as\u0131 olarak herkes i\u00e7in kullan\u0131m sunar.<\/p>\n<p><strong>KUMA\u015e\/BAKIM<\/strong><\/p>\n<p>\u0130\u00c7ER\u0130K:%100 DER\u0130<\/p>\n<p><strong>BAKIM<\/strong><\/p>\n<ul>\n<li><strong>Deri \u00e7antalar\u0131n\u0131z\u0131 nemli bir bez ile temizleyebilirsiniz, kesinlikle \u00e7ama\u015f\u0131r makinesinde\u00a0y\u0131kamay\u0131n\u0131z.<\/strong><\/li>\n<li><strong>Uzun s\u00fcre g\u00fcne\u015fe maruz b\u0131rakmay\u0131n\u0131z.\u00a0<\/strong><\/li>\n<li><strong>Do\u011fal deriler zamanla \u00e7atlayabilir. Bu durum derinin do\u011fas\u0131ndan kaynaklanmakta olup derinin kaliteli ve do\u011fal oldu\u011funun g\u00f6stergesidir. \u00c7antan\u0131z\u0131n sa\u011flaml\u0131\u011f\u0131n\u0131 ya da kullan\u0131\u015f\u0131n\u0131 etkileyen bir durum de\u011fildir.\u00a0<\/strong><\/li>\n<\/ul>\n<p>&nbsp;<\/p>\n<\/div>\n<\/div>\n<\/div>\n<\/div>\n<\/div>\n<\/div>\n<\/div>\n<\/div>\n<\/div>\n<\/section>\n","protected":false},"excerpt":{"rendered":"<div class=\"detailItem\">\n<ul class=\"detail-desc-list two-columns\">\n<li>\u00d6zg\u00fcn Tasar\u0131ml\u0131 Fark yaratan El \u0130\u015f\u00e7ili\u011fi\u00a0%100 deriden \u00fcretilmi\u015ftir.<\/li>\n<li>Deri ask\u0131s\u0131 ayarlanabilir.<\/li>\n<li>\u00d6n\u00fc klips kapamal\u0131.<\/li>\n<li>\u00d6n k\u0131sm\u0131 gosquns&#8217; logo detayl\u0131.<\/li>\n<li>En:13.5cm\/Y\u00fckseklik:17,5cm\/Derinlik:4cm<\/li>\n<\/ul>\n<p>\u00dcr\u00fcn Kodu: GQA\/KK1222<\/p>\n<\/div>\n","protected":false},"featured_media":4646,"comment_status":"open","ping_status":"closed","template":"","meta":[],"product_brand":[],"product_cat":[97],"product_tag":[],"class_list":{"0":"post-3011","1":"product","2":"type-product","3":"status-publish","4":"has-post-thumbnail","6":"product_cat-accessories","8":"first","9":"instock","10":"featured","11":"taxable","12":"shipping-taxable","13":"purchasable","14":"product-type-simple","15":"prodpage-style3"},"_links":{"self":[{"href":"https:\/\/gosquns.com\/tr\/wp-json\/wp\/v2\/product\/3011","targetHints":{"allow":["GET"]}}],"collection":[{"href":"https:\/\/gosquns.com\/tr\/wp-json\/wp\/v2\/product"}],"about":[{"href":"https:\/\/gosquns.com\/tr\/wp-json\/wp\/v2\/types\/product"}],"replies":[{"embeddable":true,"href":"https:\/\/gosquns.com\/tr\/wp-json\/wp\/v2\/comments?post=3011"}],"wp:featuredmedia":[{"embeddable":true,"href":"https:\/\/gosquns.com\/tr\/wp-json\/wp\/v2\/media\/4646"}],"wp:attachment":[{"href":"https:\/\/gosquns.com\/tr\/wp-json\/wp\/v2\/media?parent=3011"}],"wp:term":[{"taxonomy":"product_brand","embeddable":true,"href":"https:\/\/gosquns.com\/tr\/wp-json\/wp\/v2\/product_brand?post=3011"},{"taxonomy":"product_cat","embeddable":true,"href":"https:\/\/gosquns.com\/tr\/wp-json\/wp\/v2\/product_cat?post=3011"},{"taxonomy":"product_tag","embeddable":true,"href":"https:\/\/gosquns.com\/tr\/wp-json\/wp\/v2\/product_tag?post=3011"}],"curies":[{"name":"wp","href":"https:\/\/api.w.org\/{rel}","templated":true}]}}