{"id":2996,"date":"2024-12-15T21:46:22","date_gmt":"2024-12-15T18:46:22","guid":{"rendered":"https:\/\/gosquns.com\/?post_type=product&#038;p=2996"},"modified":"2026-04-27T21:00:54","modified_gmt":"2026-04-27T18:00:54","slug":"bags","status":"publish","type":"product","link":"https:\/\/gosquns.com\/tr\/product\/bags\/","title":{"rendered":"El \u0130\u015f\u00e7ili\u011fi % 100 Hakiki Deri Taba \u00c7apraz Tasar\u0131m \u00c7anta"},"content":{"rendered":"<p class=\"selectable-text copyable-text x15bjb6t x1n2onr6\"><span class=\"selectable-text copyable-text xkrh14z x1sdyfia x1ncwhqj xd4r4e8 x1n8ftqi\" data-plain-text=\"*\">\u2022<\/span><span class=\"selectable-text copyable-text xkrh14z\"> Taba renk tonuyla \u015f\u0131k ve zamans\u0131z bir g\u00f6r\u00fcn\u00fcm sa\u011flar.<\/span><\/p>\n<p class=\"selectable-text copyable-text x15bjb6t x1n2onr6\"><span class=\"selectable-text copyable-text xkrh14z x1sdyfia x1ncwhqj xd4r4e8 x1n8ftqi\" data-plain-text=\"*\">\u2022<\/span><span class=\"selectable-text copyable-text xkrh14z\"> G\u00fcnl\u00fck kullan\u0131m i\u00e7in ideal ve rahat ta\u015f\u0131ma imkan\u0131 sunar.<\/span><\/p>\n<p class=\"selectable-text copyable-text x15bjb6t x1n2onr6\"><span class=\"selectable-text copyable-text xkrh14z x1sdyfia x1ncwhqj xd4r4e8 x1n8ftqi\" data-plain-text=\"*\">\u2022<\/span><span class=\"selectable-text copyable-text xkrh14z\"> Gen\u00e7 ve yeti\u015fkin ya\u015f grubuna hitap eden modern ve dinamik bir stil olu\u015fturur.<\/span><\/p>\n<p class=\"selectable-text copyable-text x15bjb6t x1n2onr6\"><span class=\"selectable-text copyable-text xkrh14z x1sdyfia x1ncwhqj xd4r4e8 x1n8ftqi\" data-plain-text=\"*\">\u2022<\/span><span class=\"selectable-text copyable-text xkrh14z\"> Sade d\u00fcz deseniyle kolayca kombinlenebilir ve her t\u00fcrl\u00fc k\u0131yafetle uyum sa\u011flar.<\/span><\/p>\n<p class=\"selectable-text copyable-text x15bjb6t x1n2onr6\"><span class=\"selectable-text copyable-text xkrh14z x1sdyfia x1ncwhqj xd4r4e8 x1n8ftqi\" data-plain-text=\"*\">\u2022<\/span><span class=\"selectable-text copyable-text xkrh14z\"> Ger\u00e7ek deri kalitesiyle dayan\u0131kl\u0131l\u0131\u011f\u0131 art\u0131r\u0131rken estetik duru\u015funu korur.<\/span><\/p>\n<p class=\"selectable-text copyable-text x15bjb6t x1n2onr6\"><span class=\"selectable-text copyable-text xkrh14z\">-Dikey tipi sayesinde Telefon, kartl\u0131k ve di\u011fer ihtiya\u00e7 duydu\u011funuz e\u015fyalar\u0131n\u0131z\u0131 d\u00fczenli bir \u015fekilde ta\u015f\u0131man\u0131z\u0131 kolayla\u015ft\u0131r\u0131r.<\/span><\/p>\n<p class=\"selectable-text copyable-text x15bjb6t x1n2onr6\"><span class=\"selectable-text copyable-text xkrh14z x1sdyfia x1ncwhqj xd4r4e8 x1n8ftqi\" data-plain-text=\"*\">\u2022<\/span><span class=\"selectable-text copyable-text xkrh14z\"> Unisex koleksiyon par\u00e7as\u0131 olarak herkes i\u00e7in kullan\u0131m sunar.<\/span><\/p>\n<p>&nbsp;<\/p>\n<p><strong>KUMA\u015e\/BAKIM<\/strong><\/p>\n<p>\u0130\u00c7ER\u0130K:%100 DER\u0130<\/p>\n<p>&nbsp;<\/p>\n<p><strong>BAKIM<\/strong><\/p>\n<ul>\n<li><strong>Deri \u00e7antalar\u0131n\u0131z\u0131 nemli bir bez ile temizleyebilirsiniz, kesinlikle \u00e7ama\u015f\u0131r makinesinde\u00a0y\u0131kamay\u0131n\u0131z.<\/strong><\/li>\n<li><strong>Uzun s\u00fcre g\u00fcne\u015fe maruz b\u0131rakmay\u0131n\u0131z.\u00a0<\/strong><\/li>\n<li><strong>Do\u011fal deriler zamanla \u00e7atlayabilir. Bu durum derinin do\u011fas\u0131ndan kaynaklanmakta olup derinin kaliteli ve do\u011fal oldu\u011funun g\u00f6stergesidir. \u00c7antan\u0131z\u0131n sa\u011flaml\u0131\u011f\u0131n\u0131 ya da kullan\u0131\u015f\u0131n\u0131 etkileyen bir durum de\u011fildir.\u00a0<\/strong><\/li>\n<\/ul>\n<p>&nbsp;<\/p>\n","protected":false},"excerpt":{"rendered":"<p class=\"selectable-text copyable-text x15bjb6t x1n2onr6\"><span class=\"selectable-text copyable-text xkrh14z\">\u00d6zg\u00fcn Tasar\u0131ml\u0131 Fark yaratan El \u0130\u015f\u00e7ili\u011fi\u00a0%100 deriden \u00fcretilmi\u015ftir.<\/span><\/p>\n<p class=\"selectable-text copyable-text x15bjb6t x1n2onr6\"><span class=\"selectable-text copyable-text xkrh14z\">Deri ask\u0131s\u0131 ayarlanabilir.<\/span><\/p>\n<p class=\"selectable-text copyable-text x15bjb6t x1n2onr6\"><span class=\"selectable-text copyable-text xkrh14z\">\u00d6n\u00fc klips kapamal\u0131.<\/span><\/p>\n<p class=\"selectable-text copyable-text x15bjb6t x1n2onr6\"><span class=\"selectable-text copyable-text xkrh14z\">\u00d6n k\u0131sm\u0131 gosquns&#8217; logo detayl\u0131.<\/span><\/p>\n<p class=\"selectable-text copyable-text x15bjb6t x1n2onr6\"><span class=\"selectable-text copyable-text xkrh14z\">En:13.5cm\/Y\u00fckseklik:17,5cm\/Derinlik:4cm<\/span><\/p>\n<p>&nbsp;<\/p>\n<p>\u00dcr\u00fcn Kodu: GQA\/KK1221<\/p>\n","protected":false},"featured_media":5075,"comment_status":"open","ping_status":"closed","template":"","meta":[],"product_brand":[],"product_cat":[97],"product_tag":[],"class_list":{"0":"post-2996","1":"product","2":"type-product","3":"status-publish","4":"has-post-thumbnail","6":"product_cat-accessories","8":"first","9":"instock","10":"featured","11":"taxable","12":"shipping-taxable","13":"purchasable","14":"product-type-simple","15":"prodpage-style3"},"_links":{"self":[{"href":"https:\/\/gosquns.com\/tr\/wp-json\/wp\/v2\/product\/2996","targetHints":{"allow":["GET"]}}],"collection":[{"href":"https:\/\/gosquns.com\/tr\/wp-json\/wp\/v2\/product"}],"about":[{"href":"https:\/\/gosquns.com\/tr\/wp-json\/wp\/v2\/types\/product"}],"replies":[{"embeddable":true,"href":"https:\/\/gosquns.com\/tr\/wp-json\/wp\/v2\/comments?post=2996"}],"wp:featuredmedia":[{"embeddable":true,"href":"https:\/\/gosquns.com\/tr\/wp-json\/wp\/v2\/media\/5075"}],"wp:attachment":[{"href":"https:\/\/gosquns.com\/tr\/wp-json\/wp\/v2\/media?parent=2996"}],"wp:term":[{"taxonomy":"product_brand","embeddable":true,"href":"https:\/\/gosquns.com\/tr\/wp-json\/wp\/v2\/product_brand?post=2996"},{"taxonomy":"product_cat","embeddable":true,"href":"https:\/\/gosquns.com\/tr\/wp-json\/wp\/v2\/product_cat?post=2996"},{"taxonomy":"product_tag","embeddable":true,"href":"https:\/\/gosquns.com\/tr\/wp-json\/wp\/v2\/product_tag?post=2996"}],"curies":[{"name":"wp","href":"https:\/\/api.w.org\/{rel}","templated":true}]}}