{"id":2242,"date":"2024-03-30T20:34:21","date_gmt":"2024-03-30T17:34:21","guid":{"rendered":"https:\/\/gosquns.com\/?post_type=product&#038;p=2242"},"modified":"2026-04-22T21:13:02","modified_gmt":"2026-04-22T18:13:02","slug":"erkek-siyah-fit-bisiklet-yaka-t-shirt","status":"publish","type":"product","link":"https:\/\/gosquns.com\/tr\/product\/erkek-siyah-fit-bisiklet-yaka-t-shirt\/","title":{"rendered":"Erkek Black T-shirt"},"content":{"rendered":"<p>Giyim: Model M beden giyiyor<br \/>\n30 Derecede Benzer Renklerle Birlikte Y\u0131kanmas\u0131 Tavsiye Edilir.<br \/>\nUzun \u00d6m\u00fcrl\u00fc Kullan\u0131m Sa\u011flar.<br \/>\nCildinizi Rahats\u0131z Etmemesi i\u00e7in dijital Bask\u0131 Etiket Kullan\u0131lm\u0131\u015ft\u0131r.<br \/>\n\u00c7evre Dostu Ve\u00a0S\u00fcrd\u00fcr\u00fclebilir\u00a0Kargolama<\/p>\n<p>&nbsp;<\/p>\n","protected":false},"excerpt":{"rendered":"<p>%100 Pamuklu Regular Fit kesim<br \/>\nErkek Bisiklet ribana yaka<br \/>\nGosquns&#8217; nak\u0131\u015f logo bask\u0131s\u0131 koldad\u0131r.<br \/>\nRenk: Siyah<br \/>\nKuma\u015f: 100% Pamuk<\/p>\n","protected":false},"featured_media":5141,"comment_status":"open","ping_status":"closed","template":"","meta":[],"product_brand":[],"product_cat":[22],"product_tag":[],"class_list":{"0":"post-2242","1":"product","2":"type-product","3":"status-publish","4":"has-post-thumbnail","6":"product_cat-erkek","8":"first","9":"instock","10":"taxable","11":"shipping-taxable","12":"purchasable","13":"product-type-variable","14":"prodpage-style3"},"_links":{"self":[{"href":"https:\/\/gosquns.com\/tr\/wp-json\/wp\/v2\/product\/2242","targetHints":{"allow":["GET"]}}],"collection":[{"href":"https:\/\/gosquns.com\/tr\/wp-json\/wp\/v2\/product"}],"about":[{"href":"https:\/\/gosquns.com\/tr\/wp-json\/wp\/v2\/types\/product"}],"replies":[{"embeddable":true,"href":"https:\/\/gosquns.com\/tr\/wp-json\/wp\/v2\/comments?post=2242"}],"wp:featuredmedia":[{"embeddable":true,"href":"https:\/\/gosquns.com\/tr\/wp-json\/wp\/v2\/media\/5141"}],"wp:attachment":[{"href":"https:\/\/gosquns.com\/tr\/wp-json\/wp\/v2\/media?parent=2242"}],"wp:term":[{"taxonomy":"product_brand","embeddable":true,"href":"https:\/\/gosquns.com\/tr\/wp-json\/wp\/v2\/product_brand?post=2242"},{"taxonomy":"product_cat","embeddable":true,"href":"https:\/\/gosquns.com\/tr\/wp-json\/wp\/v2\/product_cat?post=2242"},{"taxonomy":"product_tag","embeddable":true,"href":"https:\/\/gosquns.com\/tr\/wp-json\/wp\/v2\/product_tag?post=2242"}],"curies":[{"name":"wp","href":"https:\/\/api.w.org\/{rel}","templated":true}]}}