{"id":2231,"date":"2024-03-30T19:37:34","date_gmt":"2024-03-30T16:37:34","guid":{"rendered":"https:\/\/gosquns.com\/?post_type=product&#038;p=2231"},"modified":"2026-03-24T17:29:18","modified_gmt":"2026-03-24T14:29:18","slug":"kadin-siyah-v-yaka-t-shirt","status":"publish","type":"product","link":"https:\/\/gosquns.com\/tr\/product\/kadin-siyah-v-yaka-t-shirt\/","title":{"rendered":"Kad\u0131n Regular Black V Yaka T-shirt"},"content":{"rendered":"<div>%100 pamuktan 1. s\u0131n\u0131f kaliteli penyedir.<\/div>\n<div>30 Derecede benzer renklerle birlikte y\u0131kanmas\u0131 tavsiye edilir.<\/div>\n<div>Uzun \u00f6m\u00fcrl\u00fc kullan\u0131m sa\u011flar.<\/div>\n<div>Terleme, renk, y\u0131kama testlerinden ba\u015far\u0131yla ge\u00e7mi\u015ftir.<\/div>\n<div>Cildinizi rahats\u0131z etmemesi i\u00e7in dijital bask\u0131 etiket kullan\u0131lm\u0131\u015ft\u0131r.<\/div>\n<div>Yumu\u015fak\u00a0 dokusu ve rahatt\u0131r.<\/div>\n<div>Gosquns\u2019 logo nak\u0131\u015f i\u015fleme sol koldad\u0131r.<\/div>\n<div>\u00c7evre dostu ve s\u00fcrd\u00fcr\u00fclebilir kargolama.<\/div>\n<p>&nbsp;<\/p>\n<ul>\n<li>Kal\u0131p \u00a0Regular Fit \/ Normal Kesim<\/li>\n<li class=\"attr_PrdDesen\">Desen : D\u00fcz<\/li>\n<li class=\"attr_PrdKolBoyu\">Kol Boyu : K\u0131sa Kol<\/li>\n<li class=\"attr_PrdYaka\">Yaka : V Yaka<\/li>\n<li>Kad\u0131n\u00a0 model: Boy : 1,71<\/li>\n<li>Beden M<\/li>\n<\/ul>\n<div><\/div>\n<div class=\" align-left\"><u>\u00a0 \u00a0 \u00a0 \u00a0 \u00a0 \u00d6l\u00e7\u00fcler:\u00a0 \u00a0 \u00a0\u00a0<\/u><\/div>\n<div class=\" align-left\">\u00a0 <u>Boy G\u00f6\u011f\u00fcs Kol<\/u><\/div>\n<div>\n<div><\/div>\n<div class=\" align-left\">S\u00a0 \u00a0 \u00a061\u00a0 \u00a0 42\u00a0 \u00a0 \u00a015<\/div>\n<div class=\" align-left\">M\u00a0 \u00a0 63\u00a0 \u00a0 44\u00a0 \u00a0 \u00a017<\/div>\n<div class=\" align-left\">L\u00a0 \u00a0 \u00a065\u00a0 \u00a0 46\u00a0 \u00a0 \u00a019<\/div>\n<\/div>\n","protected":false},"excerpt":{"rendered":"<p>&nbsp;<\/p>\n<ul>\n<li>Kuma\u015f: 100% Amerikan Compact Penye Pamuk<\/li>\n<li>Kal\u0131p \u00a0Regular Fit \/ Normal Kesim<\/li>\n<li>Renk: Siyah<\/li>\n<li>Kategori: Ti\u015f\u00f6rt<\/li>\n<li>\u00dcretim \u00dclkesi: T\u00fcrkiye<\/li>\n<\/ul>\n","protected":false},"featured_media":5165,"comment_status":"closed","ping_status":"closed","template":"","meta":[],"product_brand":[],"product_cat":[23],"product_tag":[],"class_list":{"0":"post-2231","1":"product","2":"type-product","3":"status-publish","4":"has-post-thumbnail","6":"product_cat-kadin","8":"first","9":"instock","10":"taxable","11":"shipping-taxable","12":"purchasable","13":"product-type-variable","14":"prodpage-style3"},"_links":{"self":[{"href":"https:\/\/gosquns.com\/tr\/wp-json\/wp\/v2\/product\/2231","targetHints":{"allow":["GET"]}}],"collection":[{"href":"https:\/\/gosquns.com\/tr\/wp-json\/wp\/v2\/product"}],"about":[{"href":"https:\/\/gosquns.com\/tr\/wp-json\/wp\/v2\/types\/product"}],"replies":[{"embeddable":true,"href":"https:\/\/gosquns.com\/tr\/wp-json\/wp\/v2\/comments?post=2231"}],"wp:featuredmedia":[{"embeddable":true,"href":"https:\/\/gosquns.com\/tr\/wp-json\/wp\/v2\/media\/5165"}],"wp:attachment":[{"href":"https:\/\/gosquns.com\/tr\/wp-json\/wp\/v2\/media?parent=2231"}],"wp:term":[{"taxonomy":"product_brand","embeddable":true,"href":"https:\/\/gosquns.com\/tr\/wp-json\/wp\/v2\/product_brand?post=2231"},{"taxonomy":"product_cat","embeddable":true,"href":"https:\/\/gosquns.com\/tr\/wp-json\/wp\/v2\/product_cat?post=2231"},{"taxonomy":"product_tag","embeddable":true,"href":"https:\/\/gosquns.com\/tr\/wp-json\/wp\/v2\/product_tag?post=2231"}],"curies":[{"name":"wp","href":"https:\/\/api.w.org\/{rel}","templated":true}]}}