{"id":17,"date":"2024-03-29T10:54:56","date_gmt":"2024-03-29T07:54:56","guid":{"rendered":"https:\/\/gosquns.com\/?post_type=product&#038;p=17"},"modified":"2026-04-30T19:57:57","modified_gmt":"2026-04-30T16:57:57","slug":"kadin-beyaz-regular-fit-v-yaka-t-shirt","status":"publish","type":"product","link":"https:\/\/gosquns.com\/tr\/product\/kadin-beyaz-regular-fit-v-yaka-t-shirt\/","title":{"rendered":"Organik Pamuklu Kad\u0131n White V Yaka T-shirt"},"content":{"rendered":"<ul>\n<li><span class=\"&quot;&quot;example1&quot;&quot;\">Kuma\u015f dokusu yumu\u015fak ve rahatt\u0131r.<\/span><\/li>\n<li><span class=\"&quot;&quot;example1&quot;&quot;\">30 derecede benzer renklerle birlikte y\u0131kanmas\u0131 tavsiye edilir.<\/span><\/li>\n<li><span class=\"&quot;&quot;example1&quot;&quot;\">Uzun \u00f6m\u00fcrl\u00fc kullan\u0131m sa\u011flar.<\/span><\/li>\n<li>Terleme, renk, y\u0131kama testlerinden ba\u015far\u0131yla ge\u00e7mi\u015ftir.<\/li>\n<li><span class=\"&quot;&quot;example1&quot;&quot;\">Cildinizi Rahats\u0131z Etmemesi i\u00e7in dijital Bask\u0131 Etiket Kullan\u0131lm\u0131\u015ft\u0131r.<\/span><\/li>\n<li><span class=\"&quot;&quot;example1&quot;&quot;\">Logo Nak\u0131\u015f i\u015flemedir.<\/span><\/li>\n<li><span class=\"&quot;&quot;example1&quot;&quot;\">Ribana Yaka.<\/span><\/li>\n<li>\u00c7evre dostu ve s\u00fcrd\u00fcr\u00fclebilir kargolama<\/li>\n<li><span class=\"&quot;&quot;example1&quot;&quot;\">%100 Yerli \u00dcretimdir.<\/span><\/li>\n<li><\/li>\n<\/ul>\n<ul>\n<li style=\"list-style-type: none;\">\n<ul>\n<li>%100 pamuktur.<\/li>\n<li>Kal\u0131p:\u00a0 Regular \/ Normal Kesim<\/li>\n<li>model: Boy : 1,67<\/li>\n<li>Model: S Beden<\/li>\n<\/ul>\n<\/li>\n<\/ul>\n","protected":false},"excerpt":{"rendered":"<p>%100 Pamuktan\u00a01. S\u0131n\u0131f Kaliteli Penyedir.<br \/>\n%80 Organik Pamuk %20 Recycle (Geri D\u00f6n\u00fc\u015f\u00fcm) Pamuk ipli\u011finden \u00fcretilmi\u015ftir.<\/p>\n<p>&nbsp;<\/p>\n","protected":false},"featured_media":5069,"comment_status":"open","ping_status":"closed","template":"","meta":[],"product_brand":[],"product_cat":[101],"product_tag":[],"class_list":{"0":"post-17","1":"product","2":"type-product","3":"status-publish","4":"has-post-thumbnail","6":"product_cat-organik-surdurulebilir","8":"first","9":"instock","10":"taxable","11":"shipping-taxable","12":"purchasable","13":"product-type-variable","14":"has-default-attributes","15":"prodpage-style3"},"_links":{"self":[{"href":"https:\/\/gosquns.com\/tr\/wp-json\/wp\/v2\/product\/17","targetHints":{"allow":["GET"]}}],"collection":[{"href":"https:\/\/gosquns.com\/tr\/wp-json\/wp\/v2\/product"}],"about":[{"href":"https:\/\/gosquns.com\/tr\/wp-json\/wp\/v2\/types\/product"}],"replies":[{"embeddable":true,"href":"https:\/\/gosquns.com\/tr\/wp-json\/wp\/v2\/comments?post=17"}],"wp:featuredmedia":[{"embeddable":true,"href":"https:\/\/gosquns.com\/tr\/wp-json\/wp\/v2\/media\/5069"}],"wp:attachment":[{"href":"https:\/\/gosquns.com\/tr\/wp-json\/wp\/v2\/media?parent=17"}],"wp:term":[{"taxonomy":"product_brand","embeddable":true,"href":"https:\/\/gosquns.com\/tr\/wp-json\/wp\/v2\/product_brand?post=17"},{"taxonomy":"product_cat","embeddable":true,"href":"https:\/\/gosquns.com\/tr\/wp-json\/wp\/v2\/product_cat?post=17"},{"taxonomy":"product_tag","embeddable":true,"href":"https:\/\/gosquns.com\/tr\/wp-json\/wp\/v2\/product_tag?post=17"}],"curies":[{"name":"wp","href":"https:\/\/api.w.org\/{rel}","templated":true}]}}