{"id":2123,"date":"2024-03-29T14:42:07","date_gmt":"2024-03-29T11:42:07","guid":{"rendered":"https:\/\/gosquns.com\/?page_id=2123"},"modified":"2025-05-31T01:04:22","modified_gmt":"2025-05-30T22:04:22","slug":"sss","status":"publish","type":"page","link":"https:\/\/gosquns.com\/tr\/sss\/","title":{"rendered":"S\u0131k Sorulan Sorular"},"content":{"rendered":"<style>.elementor-accordion{text-align:left}.elementor-accordion .elementor-accordion-item{border:1px solid #d5d8dc}.elementor-accordion .elementor-accordion-item+.elementor-accordion-item{border-top:none}.elementor-accordion .elementor-tab-title{margin:0;padding:15px 20px;font-weight:700;line-height:1;cursor:pointer;outline:none}.elementor-accordion .elementor-tab-title .elementor-accordion-icon{display:inline-block;width:1.5em}.elementor-accordion .elementor-tab-title .elementor-accordion-icon svg{width:1em;height:1em}.elementor-accordion .elementor-tab-title .elementor-accordion-icon.elementor-accordion-icon-right{float:right;text-align:right}.elementor-accordion .elementor-tab-title .elementor-accordion-icon.elementor-accordion-icon-left{float:left;text-align:left}.elementor-accordion .elementor-tab-title .elementor-accordion-icon .elementor-accordion-icon-closed{display:block}.elementor-accordion .elementor-tab-title .elementor-accordion-icon .elementor-accordion-icon-opened,.elementor-accordion .elementor-tab-title.elementor-active .elementor-accordion-icon-closed{display:none}.elementor-accordion .elementor-tab-title.elementor-active .elementor-accordion-icon-opened{display:block}.elementor-accordion .elementor-tab-content{display:none;padding:15px 20px;border-top:1px solid #d5d8dc}@media (max-width:767px){.elementor-accordion .elementor-tab-title{padding:12px 15px}.elementor-accordion .elementor-tab-title .elementor-accordion-icon{width:1.2em}.elementor-accordion .elementor-tab-content{padding:7px 15px}}.e-con-inner>.elementor-widget-accordion,.e-con>.elementor-widget-accordion{width:var(--container-widget-width);--flex-grow:var(--container-widget-flex-grow)}<\/style>\n<p>\t\t\t\t\t\t\t\t\t\t\t\t\t\t\t<svg viewBox=\"0 0 448 512\" xmlns=\"http:\/\/www.w3.org\/2000\/svg\"><path d=\"M416 208H272V64c0-17.67-14.33-32-32-32h-32c-17.67 0-32 14.33-32 32v144H32c-17.67 0-32 14.33-32 32v32c0 17.67 14.33 32 32 32h144v144c0 17.67 14.33 32 32 32h32c17.67 0 32-14.33 32-32V304h144c17.67 0 32-14.33 32-32v-32c0-17.67-14.33-32-32-32z\"><\/path><\/svg><br \/>\n\t\t\t\t\t\t\t\t<svg viewBox=\"0 0 448 512\" xmlns=\"http:\/\/www.w3.org\/2000\/svg\"><path d=\"M416 208H32c-17.67 0-32 14.33-32 32v32c0 17.67 14.33 32 32 32h384c17.67 0 32-14.33 32-32v-32c0-17.67-14.33-32-32-32z\"><\/path><\/svg><br \/>\n\t\t\t\t\t\t\t\t\t\t\t\t<a tabindex=\"0\">\u00dcYE OLMADAN S\u0130PAR\u0130\u015e VEREB\u0130L\u0130R M\u0130Y\u0130M?<\/a><\/p>\n<p>Evet misafir kullan\u0131c\u0131 olarak sipari\u015f verebilirsiniz. Ancak hesap olu\u015fturdu\u011funuzda teslimat ve fatura adreslerini adres defterine kaydetme, sipari\u015f ge\u00e7mi\u015finizi g\u00f6r\u00fcnt\u00fcleme ve mevcut sipari\u015flerin takip numaralar\u0131n\u0131 bulma olana\u011f\u0131na sahip olursunuz. Ayr\u0131ca abonelerimize indirim ve kampanyalardan an\u0131nda haberdar olursunuz.<\/p>\n<p>\t\t\t\t\t\t\t\t\t\t\t\t\t\t\t<svg viewBox=\"0 0 448 512\" xmlns=\"http:\/\/www.w3.org\/2000\/svg\"><path d=\"M416 208H272V64c0-17.67-14.33-32-32-32h-32c-17.67 0-32 14.33-32 32v144H32c-17.67 0-32 14.33-32 32v32c0 17.67 14.33 32 32 32h144v144c0 17.67 14.33 32 32 32h32c17.67 0 32-14.33 32-32V304h144c17.67 0 32-14.33 32-32v-32c0-17.67-14.33-32-32-32z\"><\/path><\/svg><br \/>\n\t\t\t\t\t\t\t\t<svg viewBox=\"0 0 448 512\" xmlns=\"http:\/\/www.w3.org\/2000\/svg\"><path d=\"M416 208H32c-17.67 0-32 14.33-32 32v32c0 17.67 14.33 32 32 32h384c17.67 0 32-14.33 32-32v-32c0-17.67-14.33-32-32-32z\"><\/path><\/svg><br \/>\n\t\t\t\t\t\t\t\t\t\t\t\t<a tabindex=\"0\">HANG\u0130 \u00d6DEME Y\u00d6NTEMLER\u0130N\u0130 KABUL ED\u0130YORSUNUZ?<\/a><\/p>\n<p>Visa, MasterCard ve di\u011fer t\u00fcm kredi kartlar\u0131n\u0131 kabul ediyoruz.<\/p>\n<p>\t\t\t\t\t\t\t\t\t\t\t\t\t\t\t<svg viewBox=\"0 0 448 512\" xmlns=\"http:\/\/www.w3.org\/2000\/svg\"><path d=\"M416 208H272V64c0-17.67-14.33-32-32-32h-32c-17.67 0-32 14.33-32 32v144H32c-17.67 0-32 14.33-32 32v32c0 17.67 14.33 32 32 32h144v144c0 17.67 14.33 32 32 32h32c17.67 0 32-14.33 32-32V304h144c17.67 0 32-14.33 32-32v-32c0-17.67-14.33-32-32-32z\"><\/path><\/svg><br \/>\n\t\t\t\t\t\t\t\t<svg viewBox=\"0 0 448 512\" xmlns=\"http:\/\/www.w3.org\/2000\/svg\"><path d=\"M416 208H32c-17.67 0-32 14.33-32 32v32c0 17.67 14.33 32 32 32h384c17.67 0 32-14.33 32-32v-32c0-17.67-14.33-32-32-32z\"><\/path><\/svg><br \/>\n\t\t\t\t\t\t\t\t\t\t\t\t<a tabindex=\"0\">S\u0130Z\u0130NLE NASIL \u0130LET\u0130\u015e\u0130ME GE\u00c7EB\u0130L\u0130R\u0130M?<\/a><\/p>\n<p><a href=\"mailto:hello@gosquns.com\">hello@gosquns.com<\/a>\u00a0adresine e-posta g\u00f6ndererek bizimle ileti\u015fime ge\u00e7ebilirsiniz ; m\u00fc\u015fteri hizmetleri ekibimiz en k\u0131sa s\u00fcrede size geri d\u00f6n\u00fc\u015f yapacakt\u0131r. M\u00fc\u015fteri hizmetleri ekibimiz pazartesiden cumaya haftan\u0131n 5 g\u00fcn\u00fc \u00e7evrimi\u00e7i olarak mevcuttur. Hafta sonlar\u0131 veya resmi tatil g\u00fcnlerinde g\u00f6nderilen sorular bir sonraki i\u015f g\u00fcn\u00fcnde yan\u0131tlanacakt\u0131r.<\/p>\n<p>\t\t\t\t\t\t\t\t\t\t\t\t\t\t\t<svg viewBox=\"0 0 448 512\" xmlns=\"http:\/\/www.w3.org\/2000\/svg\"><path d=\"M416 208H272V64c0-17.67-14.33-32-32-32h-32c-17.67 0-32 14.33-32 32v144H32c-17.67 0-32 14.33-32 32v32c0 17.67 14.33 32 32 32h144v144c0 17.67 14.33 32 32 32h32c17.67 0 32-14.33 32-32V304h144c17.67 0 32-14.33 32-32v-32c0-17.67-14.33-32-32-32z\"><\/path><\/svg><br \/>\n\t\t\t\t\t\t\t\t<svg viewBox=\"0 0 448 512\" xmlns=\"http:\/\/www.w3.org\/2000\/svg\"><path d=\"M416 208H32c-17.67 0-32 14.33-32 32v32c0 17.67 14.33 32 32 32h384c17.67 0 32-14.33 32-32v-32c0-17.67-14.33-32-32-32z\"><\/path><\/svg><br \/>\n\t\t\t\t\t\t\t\t\t\t\t\t<a tabindex=\"0\">ALDI\u011eIM \u00dcR\u00dcN HASARLI VEYA ARIZALI \u0130SE NE YAPAB\u0130L\u0130R\u0130M?<\/a><\/p>\n<p>Sat\u0131lan t\u00fcm \u00fcr\u00fcnlerin y\u00fcksek standart ve kalitede olmas\u0131n\u0131 sa\u011flamaya \u00e7al\u0131\u015f\u0131yoruz. Ancak hatal\u0131 veya hasarl\u0131 bir \u00fcr\u00fcnle ilgili endi\u015feniz varsa l\u00fctfen hello@gosquns.com adresinden hemen bizimle ileti\u015fime ge\u00e7iniz.<\/p>\n<p>\t\t\t\t\t\t\t\t\t\t\t\t\t\t\t<svg viewBox=\"0 0 448 512\" xmlns=\"http:\/\/www.w3.org\/2000\/svg\"><path d=\"M416 208H272V64c0-17.67-14.33-32-32-32h-32c-17.67 0-32 14.33-32 32v144H32c-17.67 0-32 14.33-32 32v32c0 17.67 14.33 32 32 32h144v144c0 17.67 14.33 32 32 32h32c17.67 0 32-14.33 32-32V304h144c17.67 0 32-14.33 32-32v-32c0-17.67-14.33-32-32-32z\"><\/path><\/svg><br \/>\n\t\t\t\t\t\t\t\t<svg viewBox=\"0 0 448 512\" xmlns=\"http:\/\/www.w3.org\/2000\/svg\"><path d=\"M416 208H32c-17.67 0-32 14.33-32 32v32c0 17.67 14.33 32 32 32h384c17.67 0 32-14.33 32-32v-32c0-17.67-14.33-32-32-32z\"><\/path><\/svg><br \/>\n\t\t\t\t\t\t\t\t\t\t\t\t<a tabindex=\"0\">\u0130PTAL ve DE\u011e\u0130\u015eL\u0130K?<\/a><\/p>\n<p><strong>S\u0130PAR\u0130\u015e \u0130PTAL \u0130\u015eLEMLER\u0130<\/strong><\/p>\n<p>Sipari\u015fleriniz kargoya verilmeden iptal edebilirsiniz. Bunun i\u00e7in\u00a0<a href=\"mailto:hello@gosquns.com\">hello@gosquns.com<\/a>\u00a0adresinden bizimle ileti\u015fime ge\u00e7ebilirsiniz. Sipari\u015fi verdikten sonra sat\u0131n alma i\u015fleminizi art\u0131k istemiyorsan\u0131z, iade talebi g\u00f6ndermeniz ve \u00fcr\u00fcn\/\u00fcr\u00fcnler teslim al\u0131nd\u0131ktan sonra istenmeyen \u00fcr\u00fcnleri geri g\u00f6ndermeniz gerekecektir. Bir sipari\u015f g\u00f6nderildikten sonra de\u011fi\u015ftirilemeyece\u011fini veya iptal edilemeyece\u011fini l\u00fctfen unutmay\u0131n.<\/p>\n<p>Sat\u0131n alma karar\u0131n\u0131z\u0131 de\u011fi\u015ftirirken veya sipari\u015finizi verirken yanl\u0131\u015f g\u00f6nderim ayr\u0131nt\u0131lar\u0131n\u0131n g\u00f6nderilmesinden dolay\u0131 herhangi bir g\u00f6nderim bedelinin geri \u00f6denmesinden sorumlu tutulamaz.<\/p>\n<p>L\u00fctfen sipari\u015finizi g\u00f6ndermeden \u00f6nce t\u00fcm g\u00f6nderim ayr\u0131nt\u0131lar\u0131n\u0131 dikkatlice kontrol etti\u011finizden emin olun.<\/p>\n<p><strong>\u00dcR\u00dcN DE\u011e\u0130\u015e\u0130M\u0130<\/strong><\/p>\n<p><a href=\"https:\/\/gosquns.com\/\">gosquns.com<\/a>\u00a0web sitesinden al\u0131nan \u00fcr\u00fcnlerde stok olmas\u0131 durumda renk\/beden de\u011fi\u015fimi yap\u0131labilmektedir.<\/p>\n<p>De\u011fi\u015fim yap\u0131lacak \u00fcr\u00fcnlerin fiyatlar\u0131 aras\u0131nda fark olmas\u0131 durumunda de\u011fi\u015ftirilmek istenen \u00fcr\u00fcn iade al\u0131narak, bedeli taraf\u0131n\u0131za iade edilir. Bu durumda istenen yeni \u00fcr\u00fcn i\u00e7in tekrar sipari\u015f verilmesi gerekmektedir.<\/p>\n<p>De\u011fi\u015fim i\u015flemi i\u00e7in de\u011fi\u015fim yapmak istedi\u011finiz \u00fcr\u00fcn\u00fc orijinal ambalaj\u0131 ve faturas\u0131 ile birlikte geri g\u00f6ndermeniz gerekmektedir. De\u011fi\u015fim istedi\u011finiz \u00fcr\u00fcn\u00fc g\u00f6ndermeden \u00f6nce bizimle ileti\u015fime ge\u00e7menizi rica ederiz.<\/p>\n<p>\u0130ade, \u0130ptal ve De\u011fi\u015fim talep ve sorular\u0131n\u0131z i\u00e7in\u00a0<a href=\"mailto:hello@gosquns.com\">hello@gosquns.com<\/a>\u00a0ileti\u015fime ge\u00e7ebilirsiniz<\/p>\n<p>\t\t\t\t\t\t\t\t\t\t\t\t\t\t\t<svg viewBox=\"0 0 448 512\" xmlns=\"http:\/\/www.w3.org\/2000\/svg\"><path d=\"M416 208H272V64c0-17.67-14.33-32-32-32h-32c-17.67 0-32 14.33-32 32v144H32c-17.67 0-32 14.33-32 32v32c0 17.67 14.33 32 32 32h144v144c0 17.67 14.33 32 32 32h32c17.67 0 32-14.33 32-32V304h144c17.67 0 32-14.33 32-32v-32c0-17.67-14.33-32-32-32z\"><\/path><\/svg><br \/>\n\t\t\t\t\t\t\t\t<svg viewBox=\"0 0 448 512\" xmlns=\"http:\/\/www.w3.org\/2000\/svg\"><path d=\"M416 208H32c-17.67 0-32 14.33-32 32v32c0 17.67 14.33 32 32 32h384c17.67 0 32-14.33 32-32v-32c0-17.67-14.33-32-32-32z\"><\/path><\/svg><br \/>\n\t\t\t\t\t\t\t\t\t\t\t\t<a tabindex=\"0\">\u0130ADE KO\u015eULLARI?<\/a><\/p>\n<p>\u0130adenizi ve iade nedeninizi belirterek, iyile\u015ftirme yapabilmemiz i\u00e7in bize bir e-posta g\u00f6nderirsiniz.<\/p>\n<p>L\u00fctfen t\u00fcm \u00f6\u011felerin temiz, giyilmemi\u015f, t\u00fcm etiketlerine sahip olmas\u0131 gerekmektedir.<\/p>\n<p>Orijinal ambalaj\u0131 bozulmu\u015f, tekrar sat\u0131labilir \u00f6zelli\u011fini kaybetmi\u015f, ba\u015fka bir m\u00fc\u015fteri taraf\u0131ndan sat\u0131n al\u0131namayacak durumda olan \u00fcr\u00fcnlerin iadesi kabul edilmemektedir.<\/p>\n<p>Tekrar sat\u0131lmaya uygun durumda olmayan (kullan\u0131lm\u0131\u015f, y\u0131kanm\u0131\u015f, kirlenmi\u015f veya hasar g\u00f6rm\u00fc\u015f) ar\u0131zal\u0131 olmayan \u00fcr\u00fcnler iade edilmeyecek ve taraf\u0131n\u0131za geri g\u00f6nderilecektir.<\/p>\n<p>\u0130ade etmek istedi\u011finiz \u00fcr\u00fcn ile birlikte faturan\u0131n asl\u0131 ve sizdeki t\u00fcm kopyalar\u0131n\u0131n g\u00f6nderilmesi gerekmektedir. Faturas\u0131 bulunmayan \u00fcr\u00fcnlerde iade kabul edilememektedir.<\/p>\n<p>\u0130ade etmek istedi\u011finiz \u00fcr\u00fcnler i\u00e7in kargo \u00fccreti m\u00fc\u015fteri taraf\u0131ndan kar\u015f\u0131lanmaktad\u0131r. \u0130ade i\u015flemleri i\u00e7in anla\u015fmal\u0131 oldu\u011fumuz kargo \u015firketleri de\u011fi\u015febildi\u011finden, g\u00fcncel bilgi i\u00e7in bizimle ileti\u015fime ge\u00e7ebilirsiniz.<\/p>\n<p>Web sitemizden ald\u0131\u011f\u0131n\u0131z \u00fcr\u00fcn\u00fc, fatura tarihinden itibaren 7 g\u00fcn i\u00e7erisinde faturan\u0131z ile iade edebilirsiniz.<\/p>\n<p><strong>\u00d6DEME \u0130ADELER\u0130<\/strong><\/p>\n<p>Gelen \u00fcr\u00fcn \u00f6ncelikle gosquns taraf\u0131ndan incelenir. Yukar\u0131daki \u015fartlara uygun ise iade i\u015flemi ba\u015flat\u0131l\u0131r. \u0130ade onayland\u0131\u011f\u0131nda, yasal s\u00fcre olan 10 i\u015f g\u00fcn\u00fc i\u00e7erisinde \u00fcr\u00fcn \u00fccreti kredi kart\u0131n\u0131za veya banka hesab\u0131n\u0131za iade edilir. Bu s\u00fcre gosquns un iade etti\u011finiz \u00fcr\u00fcn\u00fc teslim almas\u0131yla ba\u015flar. \u0130ade talebiniz onayland\u0131\u011f\u0131nda ve kredi kart\u0131n\u0131za\/banka hesab\u0131n\u0131za \u00fcr\u00fcn tutar\u0131 iade edildi\u011finde taraf\u0131n\u0131za eposta ile bilgilendirme yap\u0131lmaktad\u0131r. \u0130ade, \u0130ptal ve De\u011fi\u015fim talep ve sorular\u0131n\u0131z i\u00e7in\u00a0<a href=\"mailto:hello@gosquns.com\">hello@gosquns.com<\/a>\u00a0ileti\u015fime ge\u00e7ebilirsiniz.<\/p>\n","protected":false},"excerpt":{"rendered":"<p>\u00dcYE OLMADAN S\u0130PAR\u0130\u015e VEREB\u0130L\u0130R M\u0130Y\u0130M? Evet misafir kullan\u0131c\u0131 olarak sipari\u015f verebilirsiniz. Ancak hesap olu\u015fturdu\u011funuzda teslimat ve fatura adreslerini adres defterine kaydetme, sipari\u015f ge\u00e7mi\u015finizi g\u00f6r\u00fcnt\u00fcleme ve mevcut sipari\u015flerin takip numaralar\u0131n\u0131 bulma olana\u011f\u0131na sahip olursunuz. Ayr\u0131ca abonelerimize indirim ve kampanyalardan an\u0131nda haberdar olursunuz. HANG\u0130 \u00d6DEME Y\u00d6NTEMLER\u0130N\u0130 KABUL ED\u0130YORSUNUZ? Visa, MasterCard ve di\u011fer t\u00fcm kredi kartlar\u0131n\u0131 kabul ediyoruz.<\/p>\n","protected":false},"author":1,"featured_media":0,"parent":0,"menu_order":0,"comment_status":"closed","ping_status":"closed","template":"","meta":{"footnotes":""},"class_list":["post-2123","page","type-page","status-publish","hentry","prodpage-style3"],"_links":{"self":[{"href":"https:\/\/gosquns.com\/tr\/wp-json\/wp\/v2\/pages\/2123","targetHints":{"allow":["GET"]}}],"collection":[{"href":"https:\/\/gosquns.com\/tr\/wp-json\/wp\/v2\/pages"}],"about":[{"href":"https:\/\/gosquns.com\/tr\/wp-json\/wp\/v2\/types\/page"}],"author":[{"embeddable":true,"href":"https:\/\/gosquns.com\/tr\/wp-json\/wp\/v2\/users\/1"}],"replies":[{"embeddable":true,"href":"https:\/\/gosquns.com\/tr\/wp-json\/wp\/v2\/comments?post=2123"}],"version-history":[{"count":6,"href":"https:\/\/gosquns.com\/tr\/wp-json\/wp\/v2\/pages\/2123\/revisions"}],"predecessor-version":[{"id":4742,"href":"https:\/\/gosquns.com\/tr\/wp-json\/wp\/v2\/pages\/2123\/revisions\/4742"}],"wp:attachment":[{"href":"https:\/\/gosquns.com\/tr\/wp-json\/wp\/v2\/media?parent=2123"}],"curies":[{"name":"wp","href":"https:\/\/api.w.org\/{rel}","templated":true}]}}