{"id":2115,"date":"2024-03-29T14:38:33","date_gmt":"2024-03-29T11:38:33","guid":{"rendered":"https:\/\/gosquns.com\/?page_id=2115"},"modified":"2024-03-29T14:39:30","modified_gmt":"2024-03-29T11:39:30","slug":"kargo-sozlesmesi","status":"publish","type":"page","link":"https:\/\/gosquns.com\/tr\/kargo-sozlesmesi\/","title":{"rendered":"Kargo S\u00f6zle\u015fmesi"},"content":{"rendered":"<p><strong>Teslimat \u015eartlar\u0131 :<\/strong><\/p>\n<p>T\u00fcrkiye&#8217;nin her yerine Sat\u0131\u015f ve Teslimat\u0131 sa\u011flayabilmekteyiz. Vermi\u015f oldu\u011funuz sipari\u015flerinizin teslimatlar\u0131\u00a0<strong>www.gosquns.com\u00a0<\/strong>g\u00fcvencesi alt\u0131nda anla\u015fmal\u0131 oldu\u011fumuz kargo firmalar\u0131 taraf\u0131ndan yap\u0131lmaktad\u0131r. Teslimatlar sipari\u015f s\u0131ras\u0131nda belirtmi\u015f oldu\u011funuz teslimat adresinde size veya sizin taraf\u0131n\u0131zdan belirlenmi\u015f olan 2. ki\u015fiye (Sadece kimlik ibraz\u0131 kar\u015f\u0131l\u0131\u011f\u0131) yap\u0131lmaktad\u0131r.<\/p>\n<p>Hafta i\u00e7i saat 17:00 e kadar Cumartesi ise yar\u0131m g\u00fcn olacak \u015fekilde vermi\u015f oldu\u011funuz sipari\u015fler, \u00fcr\u00fcnler stokta ise ayn\u0131 g\u00fcn i\u015flem g\u00f6r\u00fcrler. Bu saatlerin d\u0131\u015f\u0131nda verilen sipari\u015fler ilk i\u015f g\u00fcn\u00fc i\u00e7inde i\u015fleme al\u0131n\u0131rlar.<\/p>\n<p>Vermi\u015f oldu\u011funuz sipari\u015fler, sipari\u015fin verildi\u011fi g\u00fcnden sonraki 1-3 i\u015f g\u00fcn\u00fc i\u00e7erisinde kargoya teslim edilir. Sipari\u015f etmi\u015f oldu\u011funuz \u00fcr\u00fcnler resmi tatil ve pazar g\u00fcnleri d\u0131\u015f\u0131nda kalan t\u00fcm g\u00fcnler (Cumartesi yar\u0131m g\u00fcn) teslim edilebilmektedir.<\/p>\n<p>Vermi\u015f oldu\u011funuz sipari\u015fler, yurt d\u0131\u015f\u0131 sipari\u015f durumuna d\u00fc\u015fm\u00fc\u015f ise \u00fcr\u00fcn\u00fcn T\u00fcrkiye Dist. firma taraf\u0131ndan tedari\u011finden sonraki g\u00fcn adresinize kargolanacakt\u0131r. T\u00fcrkiye Dist. firman\u0131n yurtd\u0131\u015f\u0131ndan \u00fcr\u00fcn\u00fcn\u00fcz\u00fc tedarik etme s\u00fcresi 3 &#8211; 5 haftad\u0131r.<\/p>\n<p>Kargonuzu mutlaka kargo g\u00f6revlisinin yan\u0131nda a\u00e7\u0131n\u0131z. E\u011fer \u00fcr\u00fcn\u00fcn\u00fcz size hasarl\u0131 olarak geldi ise l\u00fctfen kargo g\u00f6revlisine hasarl\u0131 \u00fcr\u00fcn tutana\u011f\u0131 haz\u0131rlat\u0131n\u0131z ve bizimle telefon veya E-mail yoluyla ileti\u015fim kurunuz. Yada bu tutanak ile birlikte \u00fcr\u00fcn ve\/veya \u00fcr\u00fcnleri faturalar\u0131 da yan\u0131nda olarak, bize geri g\u00f6nderebilirsiniz. \u00dcr\u00fcnler bize ula\u015ft\u0131\u011f\u0131nda sorun en k\u0131sa s\u00fcrede \u00e7\u00f6z\u00fclerek yeni \u00fcr\u00fcn\u00fcn\u00fcnz kargo \u00fccretleri taraf\u0131m\u0131zdan kar\u015f\u0131lan\u0131larak size tekrar g\u00f6nderilecektir.<\/p>\n<p>E\u011fer fatura adresi olarak farkl\u0131 bir adres belirtmi\u015fseniz kargonuz size irsaliye ile ula\u015ft\u0131r\u0131lacak, faturan\u0131z ise belirtmi\u015f oldu\u011funuz fatura adresine posta yoluyla ayr\u0131ca g\u00f6nderilecektir.<\/p>\n<p><strong>Sipari\u015f ve Teslimat Takibi<\/strong><\/p>\n<p>Sat\u0131n alm\u0131\u015f oldu\u011funuz \u00fcr\u00fcn\/\u00fcr\u00fcnlerin sipari\u015fden teslimata kadarki t\u00fcm a\u015famalar\u0131n\u0131 &#8220;Sipari\u015f Takibi&#8221; ad\u0131m\u0131ndan takip edebilirsiniz. Ayr\u0131ca gerekli durumlarda sipari\u015finizin durumu hakk\u0131ndaki bilgiler sistem taraf\u0131ndan otomatik olarak taraf\u0131n\u0131za mail yoluyla bildirilecektir. Bunun d\u0131\u015f\u0131nda\u00a0<a href=\"mailto:hello@gosquns.com\">hello@gosquns.com<\/a>\u00a0e posta ile M\u00fc\u015fteri Hizmetleri Servisimizle ileti\u015fime ge\u00e7ip bilgi alabilirsiniz.<\/p>\n<p>Kargoda bulunan sipari\u015flerinizin o anda hangi a\u015famada oldu\u011funu \u00f6\u011frenmek isterseniz &#8220;Sipari\u015f Takibi&#8221; ad\u0131m\u0131ndan sipari\u015f numaran\u0131z\u0131 se\u00e7erek g\u00f6rebilirsiniz.<\/p>\n","protected":false},"excerpt":{"rendered":"<p>Teslimat \u015eartlar\u0131 : T\u00fcrkiye&#8217;nin her yerine Sat\u0131\u015f ve Teslimat\u0131 sa\u011flayabilmekteyiz. Vermi\u015f oldu\u011funuz sipari\u015flerinizin teslimatlar\u0131\u00a0www.gosquns.com\u00a0g\u00fcvencesi alt\u0131nda anla\u015fmal\u0131 oldu\u011fumuz kargo firmalar\u0131 taraf\u0131ndan yap\u0131lmaktad\u0131r. Teslimatlar sipari\u015f s\u0131ras\u0131nda belirtmi\u015f oldu\u011funuz teslimat adresinde size veya sizin taraf\u0131n\u0131zdan belirlenmi\u015f olan 2. ki\u015fiye (Sadece kimlik ibraz\u0131 kar\u015f\u0131l\u0131\u011f\u0131) yap\u0131lmaktad\u0131r. Hafta i\u00e7i saat 17:00 e kadar Cumartesi ise yar\u0131m g\u00fcn olacak \u015fekilde vermi\u015f oldu\u011funuz<\/p>\n","protected":false},"author":1,"featured_media":0,"parent":0,"menu_order":0,"comment_status":"closed","ping_status":"closed","template":"","meta":{"footnotes":""},"class_list":["post-2115","page","type-page","status-publish","hentry","prodpage-style3"],"_links":{"self":[{"href":"https:\/\/gosquns.com\/tr\/wp-json\/wp\/v2\/pages\/2115","targetHints":{"allow":["GET"]}}],"collection":[{"href":"https:\/\/gosquns.com\/tr\/wp-json\/wp\/v2\/pages"}],"about":[{"href":"https:\/\/gosquns.com\/tr\/wp-json\/wp\/v2\/types\/page"}],"author":[{"embeddable":true,"href":"https:\/\/gosquns.com\/tr\/wp-json\/wp\/v2\/users\/1"}],"replies":[{"embeddable":true,"href":"https:\/\/gosquns.com\/tr\/wp-json\/wp\/v2\/comments?post=2115"}],"version-history":[{"count":0,"href":"https:\/\/gosquns.com\/tr\/wp-json\/wp\/v2\/pages\/2115\/revisions"}],"wp:attachment":[{"href":"https:\/\/gosquns.com\/tr\/wp-json\/wp\/v2\/media?parent=2115"}],"curies":[{"name":"wp","href":"https:\/\/api.w.org\/{rel}","templated":true}]}}