{"id":1760,"date":"2022-01-15T04:30:50","date_gmt":"2022-01-15T04:30:50","guid":{"rendered":"https:\/\/unicoz.novaworks.net\/?page_id=23"},"modified":"2025-05-29T00:30:12","modified_gmt":"2025-05-28T21:30:12","slug":"iletisim","status":"publish","type":"page","link":"https:\/\/gosquns.com\/tr\/iletisim\/","title":{"rendered":"\u0130leti\u015fim"},"content":{"rendered":"<p><a href=\"https:\/\/gosquns.com\/\" rel=\"home\" title=\"Home\">Home<\/a><\/p>\n<style>\/*! elementor - v3.20.0 - 26-03-2024 *\/\n.elementor-heading-title{padding:0;margin:0;line-height:1}.elementor-widget-heading .elementor-heading-title[class*=elementor-size-]>a{color:inherit;font-size:inherit;line-height:inherit}.elementor-widget-heading .elementor-heading-title.elementor-size-small{font-size:15px}.elementor-widget-heading .elementor-heading-title.elementor-size-medium{font-size:19px}.elementor-widget-heading .elementor-heading-title.elementor-size-large{font-size:29px}.elementor-widget-heading .elementor-heading-title.elementor-size-xl{font-size:39px}.elementor-widget-heading .elementor-heading-title.elementor-size-xxl{font-size:59px}<\/style>\n<h2>Bize Ula\u015f\u0131n<\/h2>\n<link rel=\"stylesheet\" href=\"https:\/\/gosquns.com\/wp-content\/uploads\/elementor\/css\/custom-widget-icon-list.min.css?ver=1711716011\">\n<ul>\n<li>\n\t\t\t\t\t\t\t\t\t\t\t<a href=\"mailto:hello@gosquns.com\" target=\"_blank\" rel=\"noopener\"><br \/>\n\t\t\t\t\t\t\t\t\t\thello@gosquns.com<br \/>\n\t\t\t\t\t\t\t\t\t\t\t<\/a>\n\t\t\t\t\t\t\t\t\t<\/li>\n<\/ul>\n<style>\/*! elementor - v3.20.0 - 26-03-2024 *\/\n.elementor-column .elementor-spacer-inner{height:var(--spacer-size)}.e-con{--container-widget-width:100%}.e-con-inner>.elementor-widget-spacer,.e-con>.elementor-widget-spacer{width:var(--container-widget-width,var(--spacer-size));--align-self:var(--container-widget-align-self,initial);--flex-shrink:0}.e-con-inner>.elementor-widget-spacer>.elementor-widget-container,.e-con>.elementor-widget-spacer>.elementor-widget-container{height:100%;width:100%}.e-con-inner>.elementor-widget-spacer>.elementor-widget-container>.elementor-spacer,.e-con>.elementor-widget-spacer>.elementor-widget-container>.elementor-spacer{height:100%}.e-con-inner>.elementor-widget-spacer>.elementor-widget-container>.elementor-spacer>.elementor-spacer-inner,.e-con>.elementor-widget-spacer>.elementor-widget-container>.elementor-spacer>.elementor-spacer-inner{height:var(--container-widget-height,var(--spacer-size))}.e-con-inner>.elementor-widget-spacer.elementor-widget-empty,.e-con>.elementor-widget-spacer.elementor-widget-empty{position:relative;min-height:22px;min-width:22px}.e-con-inner>.elementor-widget-spacer.elementor-widget-empty .elementor-widget-empty-icon,.e-con>.elementor-widget-spacer.elementor-widget-empty .elementor-widget-empty-icon{position:absolute;top:0;bottom:0;left:0;right:0;margin:auto;padding:0;width:22px;height:22px}<\/style>\n<h2>\u0130leti\u015fim Formu<\/h2>\n<p>\t\t\tBize buradan ula\u015fabilir ve taleplerinizi iletebilirsiniz\t\t<\/p>\n<form id=\"wpforms-form-2345\" data-formid=\"2345\" method=\"post\" enctype=\"multipart\/form-data\" action=\"\/wp-admin\/admin-ajax.php\" data-token=\"e9797a0055f803479d7dd8bd4214e985\"><noscript>Bu formu bitirebilmek i\u00e7in taray\u0131c\u0131n\u0131zda JavaScript&#039;i etkinle\u015ftirin.<\/noscript>Bu formu bitirebilmek i\u00e7in taray\u0131c\u0131n\u0131zda JavaScript&#039;i etkinle\u015ftirin.<\/p>\n<fieldset>\n<legend>Ad\u0131 Soyad\u0131 *<\/legend>\n<p><input type=\"text\" id=\"wpforms-2345-field_0\" name=\"wpforms[fields][0][first]\" aria-errormessage=\"wpforms-2345-field_0-error\" required><label for=\"wpforms-2345-field_0\">Ad<\/label><input type=\"text\" id=\"wpforms-2345-field_0-last\" name=\"wpforms[fields][0][last]\" aria-errormessage=\"wpforms-2345-field_0-last-error\" required><label for=\"wpforms-2345-field_0-last\">Soyad<\/label><\/fieldset>\n<p><label for=\"wpforms-2345-field_1\">E-posta *<\/label><input type=\"email\" id=\"wpforms-2345-field_1\" name=\"wpforms[fields][1]\" spellcheck=\"false\" aria-errormessage=\"wpforms-2345-field_1-error\" required><label for=\"wpforms-2345-field_2\"> Mesaj<\/label><textarea id=\"wpforms-2345-field_2\" name=\"wpforms[fields][2]\" aria-errormessage=\"wpforms-2345-field_2-error\" ><\/textarea><!-- .wpforms-field-container --><input type=\"hidden\" name=\"wpforms[id]\" value=\"2345\">\t\t\t<input\n\t\t\t\ttype=\"hidden\"\n\t\t\t\tname=\"wpforms[nonce]\"\n\t\t\t\tvalue=\"aa38c9f941\"\n\t\t\t\/><br \/>\n\t\t\t<input type=\"hidden\" name=\"wpforms[author]\" value=\"1\"><button type=\"submit\" name=\"wpforms[submit]\" id=\"wpforms-submit-2345\" data-alt-text=\"G\u00f6nderiliyor...\" data-submit-text=\"G\u00f6nder\" aria-live=\"assertive\" value=\"wpforms-submit\">G\u00f6nder<\/button><img decoding=\"async\" src=\"https:\/\/gosquns.com\/wp-content\/plugins\/wpforms-lite\/assets\/images\/submit-spin.svg\" style=\"display: none;\" width=\"26\" height=\"26\" alt=\"Y\u00fckleniyor\"><\/form>\n<p>  <!-- .wpforms-container --><\/p>\n","protected":false},"excerpt":{"rendered":"<p>Home Bize Ula\u015f\u0131n hello@gosquns.com \u0130leti\u015fim Formu Bize buradan ula\u015fabilir ve taleplerinizi iletebilirsiniz Bu formu bitirebilmek i\u00e7in taray\u0131c\u0131n\u0131zda JavaScript&#039;i etkinle\u015ftirin.Bu formu bitirebilmek i\u00e7in taray\u0131c\u0131n\u0131zda JavaScript&#039;i etkinle\u015ftirin. Ad\u0131 Soyad\u0131 * AdSoyad E-posta * Mesaj G\u00f6nder<\/p>\n","protected":false},"author":1,"featured_media":0,"parent":0,"menu_order":0,"comment_status":"closed","ping_status":"closed","template":"","meta":{"footnotes":""},"class_list":["post-1760","page","type-page","status-publish","hentry","prodpage-style3"],"_links":{"self":[{"href":"https:\/\/gosquns.com\/tr\/wp-json\/wp\/v2\/pages\/1760","targetHints":{"allow":["GET"]}}],"collection":[{"href":"https:\/\/gosquns.com\/tr\/wp-json\/wp\/v2\/pages"}],"about":[{"href":"https:\/\/gosquns.com\/tr\/wp-json\/wp\/v2\/types\/page"}],"author":[{"embeddable":true,"href":"https:\/\/gosquns.com\/tr\/wp-json\/wp\/v2\/users\/1"}],"replies":[{"embeddable":true,"href":"https:\/\/gosquns.com\/tr\/wp-json\/wp\/v2\/comments?post=1760"}],"version-history":[{"count":5,"href":"https:\/\/gosquns.com\/tr\/wp-json\/wp\/v2\/pages\/1760\/revisions"}],"predecessor-version":[{"id":4720,"href":"https:\/\/gosquns.com\/tr\/wp-json\/wp\/v2\/pages\/1760\/revisions\/4720"}],"wp:attachment":[{"href":"https:\/\/gosquns.com\/tr\/wp-json\/wp\/v2\/media?parent=1760"}],"curies":[{"name":"wp","href":"https:\/\/api.w.org\/{rel}","templated":true}]}}