{"id":1750,"date":"2022-01-15T04:30:50","date_gmt":"2022-01-15T04:30:50","guid":{"rendered":"https:\/\/unicoz.novaworks.net\/?page_id=22"},"modified":"2024-12-29T17:03:39","modified_gmt":"2024-12-29T14:03:39","slug":"hakkimizda","status":"publish","type":"page","link":"https:\/\/gosquns.com\/tr\/hakkimizda\/","title":{"rendered":"Hakk\u0131m\u0131zda"},"content":{"rendered":"<p><a href=\"https:\/\/gosquns.com\/\" rel=\"home\" title=\"Home\">Home<\/a><\/p>\n<h2>Hakk\u0131m\u0131zda<\/h2>\n<p>gosquns\u2019 olarak; basic t-shirtlerimiz ve deri \u00e7antalar\u0131m\u0131z ile her gard\u0131ropta \u00a0yer almay\u0131 hedefliyoruz. <\/p>\n<p>M\u00fc\u015fterilerimize en y\u00fcksek kalitede \u00fcr\u00fcnler sunarken, ayn\u0131 zamanda \u00e7evreye olan duyarl\u0131l\u0131\u011f\u0131m\u0131z\u0131 da g\u00f6stermekten gurur duyuyoruz.<\/p>\n<p>Sadece ipliklerimiz ve derimiz ile\u00a0 de\u011fil ayn\u0131 zamanda kargolama s\u00fcrecimizde de buna \u00f6nem verdik.<\/p>\n<p>Birlikte \u015f\u0131kl\u0131k ve s\u00fcrd\u00fcr\u00fclebilirlik aras\u0131nda m\u00fckemmel bir denge bulabilirsiniz.<\/p>\n<p>G\u00f6sterdi\u011finiz ilgiye te\u015fekk\u00fcr ederiz.<\/p>\n<p>gosquns\u2019<\/p>\n<p>sevgiler.<\/p>\n","protected":false},"excerpt":{"rendered":"<p>Home Hakk\u0131m\u0131zda gosquns\u2019 olarak; basic t-shirtlerimiz ve deri \u00e7antalar\u0131m\u0131z ile her gard\u0131ropta \u00a0yer almay\u0131 hedefliyoruz. M\u00fc\u015fterilerimize en y\u00fcksek kalitede \u00fcr\u00fcnler sunarken, ayn\u0131 zamanda \u00e7evreye olan duyarl\u0131l\u0131\u011f\u0131m\u0131z\u0131 da g\u00f6stermekten gurur duyuyoruz. Sadece ipliklerimiz ve derimiz ile\u00a0 de\u011fil ayn\u0131 zamanda kargolama s\u00fcrecimizde de buna \u00f6nem verdik. Birlikte \u015f\u0131kl\u0131k ve s\u00fcrd\u00fcr\u00fclebilirlik aras\u0131nda m\u00fckemmel bir denge bulabilirsiniz. G\u00f6sterdi\u011finiz ilgiye<\/p>\n","protected":false},"author":1,"featured_media":25,"parent":0,"menu_order":0,"comment_status":"closed","ping_status":"closed","template":"elementor_header_footer","meta":{"footnotes":""},"class_list":["post-1750","page","type-page","status-publish","has-post-thumbnail","hentry","prodpage-style3"],"_links":{"self":[{"href":"https:\/\/gosquns.com\/tr\/wp-json\/wp\/v2\/pages\/1750","targetHints":{"allow":["GET"]}}],"collection":[{"href":"https:\/\/gosquns.com\/tr\/wp-json\/wp\/v2\/pages"}],"about":[{"href":"https:\/\/gosquns.com\/tr\/wp-json\/wp\/v2\/types\/page"}],"author":[{"embeddable":true,"href":"https:\/\/gosquns.com\/tr\/wp-json\/wp\/v2\/users\/1"}],"replies":[{"embeddable":true,"href":"https:\/\/gosquns.com\/tr\/wp-json\/wp\/v2\/comments?post=1750"}],"version-history":[{"count":0,"href":"https:\/\/gosquns.com\/tr\/wp-json\/wp\/v2\/pages\/1750\/revisions"}],"wp:featuredmedia":[{"embeddable":true,"href":"https:\/\/gosquns.com\/tr\/wp-json\/wp\/v2\/media\/25"}],"wp:attachment":[{"href":"https:\/\/gosquns.com\/tr\/wp-json\/wp\/v2\/media?parent=1750"}],"curies":[{"name":"wp","href":"https:\/\/api.w.org\/{rel}","templated":true}]}}